{"id":112,"date":"2024-09-11T15:22:19","date_gmt":"2024-09-11T15:22:19","guid":{"rendered":"https:\/\/sajatdal.hu\/?page_id=112"},"modified":"2024-09-14T13:18:37","modified_gmt":"2024-09-14T13:18:37","slug":"a-sajat-dal-tortenete","status":"publish","type":"page","link":"https:\/\/sajatdal.hu\/?page_id=112","title":{"rendered":"A Saj\u00e1t Dal T\u00f6rt\u00e9nete"},"content":{"rendered":"<div class=\"brz-root__container brz-reset-all brz\">{{ brizy_dc_global_blocks position=&#8217;top&#8217; }}<\/p>\n<section id=\"oJNrDLigQ_J2\" class=\"brz-section brz-css-dOW9d brz-css-cxmoy\">\n<div class=\"brz-section__content brz-section--fullWidth brz-css-bE7hb brz-css-wlVDh\" data-brz-custom-id=\"yqLIha3pt3mx\">\n<div class=\"brz-container brz-css-pJQGZ brz-css-iGEEC\">\n<div id=\"\" class=\"brz-css-teLAN brz-css-aQXuH brz-wrapper\">\n<div class=\"brz-image__gallery\" data-brz-custom-id=\"vEhAF9Zj_m8j\">\n<div class=\"brz-image__gallery-container\">\n<div class=\"brz-image__gallery-wrapper brz-d-xs-flex brz-flex-xs-wrap brz-image__gallery-masonry brz-image__gallery-lightbox brz-css-vVnT2 brz-css-cw3uV\" data-settings=\"%7B%22type%22%3A%22masonry%22%2C%22settings%22%3A%7B%22itemSelector%22%3A%22.brz-image__gallery-item%22%2C%22masonry%22%3A%7B%22columnWidth%22%3A%22.brz-image__gallery-item%22%7D%7D%7D\">\n<div class=\"brz-image__gallery-item\">\n<div class=\"brz-image brz-css-pYekR\" data-brz-custom-id=\"aGpkH7mzXWQ6\"><a class=\"brz-a\" href=\"https:\/\/sajatdal.hu\/?brizy_media=wp-b1ab955cf10fe38299554e4e6cf34e93.jpg&amp;brizy_crop=iW%3D5000%26iH%3Dany\" target=\"_self\" rel=\"noopener\" data-brz-link-type=\"lightBox\"><picture class=\"brz-picture brz-d-block brz-p-relative brz-css-gvh7r\"><source srcset=\"https:\/\/sajatdal.hu\/?brizy_media=wp-b1ab955cf10fe38299554e4e6cf34e93.jpg&amp;brizy_crop=iW%3D764%26iH%3D478%26oX%3D94%26oY%3D0%26cW%3D637%26cH%3D478 1x, https:\/\/sajatdal.hu\/?brizy_media=wp-b1ab955cf10fe38299554e4e6cf34e93.jpg&amp;brizy_crop=iW%3D1528%26iH%3D956%26oX%3D188%26oY%3D0%26cW%3D1274%26cH%3D956 2x\" media=\"(min-width: 992px)\"><source srcset=\"https:\/\/sajatdal.hu\/?brizy_media=wp-b1ab955cf10fe38299554e4e6cf34e93.jpg&amp;brizy_crop=iW%3D304%26iH%3D190%26oX%3D37%26oY%3D0%26cW%3D253%26cH%3D190 1x, https:\/\/sajatdal.hu\/?brizy_media=wp-b1ab955cf10fe38299554e4e6cf34e93.jpg&amp;brizy_crop=iW%3D608%26iH%3D380%26oX%3D74%26oY%3D0%26cW%3D506%26cH%3D380 2x\" media=\"(min-width: 768px)\"><img decoding=\"async\" class=\"brz-img\" srcset=\"https:\/\/sajatdal.hu\/?brizy_media=wp-b1ab955cf10fe38299554e4e6cf34e93.jpg&amp;brizy_crop=iW%3D516%26iH%3D323%26oX%3D64%26oY%3D0%26cW%3D430%26cH%3D323 1x, https:\/\/sajatdal.hu\/?brizy_media=wp-b1ab955cf10fe38299554e4e6cf34e93.jpg&amp;brizy_crop=iW%3D1032%26iH%3D646%26oX%3D128%26oY%3D0%26cW%3D860%26cH%3D646 2x\" src=\"https:\/\/sajatdal.hu\/?brizy_media=wp-b1ab955cf10fe38299554e4e6cf34e93.jpg&amp;brizy_crop=iW%3D764%26iH%3D478%26oX%3D94%26oY%3D0%26cW%3D637%26cH%3D478\" alt=\"{{placeholder content='e3sgYnJpenlfZGNfaW1hZ2VfYWx0IH19' imageSrc='wp-b1ab955cf10fe38299554e4e6cf34e93.jpg'}}\" draggable=\"false\" loading=\"lazy\"><\/picture><\/a><\/div>\n<\/div>\n<div class=\"brz-image__gallery-item\">\n<div class=\"brz-image brz-css-hWFGw\" data-brz-custom-id=\"fBMccAkZeASY\"><a class=\"brz-a\" href=\"https:\/\/sajatdal.hu\/?brizy_media=566f8f55cb8943a80595707f8f596d80.jpg&amp;brizy_crop=iW%3D5000%26iH%3Dany\" target=\"_self\" rel=\"noopener\" data-brz-link-type=\"lightBox\"><picture class=\"brz-picture brz-d-block brz-p-relative brz-css-dc3MC\"><source srcset=\"https:\/\/sajatdal.hu\/?brizy_media=566f8f55cb8943a80595707f8f596d80.jpg&amp;brizy_crop=iW%3D716%26iH%3D478%26oX%3D40%26oY%3D0%26cW%3D637%26cH%3D478 1x, https:\/\/sajatdal.hu\/?brizy_media=566f8f55cb8943a80595707f8f596d80.jpg&amp;brizy_crop=iW%3D1432%26iH%3D956%26oX%3D80%26oY%3D0%26cW%3D1274%26cH%3D956 2x\" media=\"(min-width: 992px)\"><source srcset=\"https:\/\/sajatdal.hu\/?brizy_media=566f8f55cb8943a80595707f8f596d80.jpg&amp;brizy_crop=iW%3D285%26iH%3D190%26oX%3D16%26oY%3D0%26cW%3D253%26cH%3D190 1x, https:\/\/sajatdal.hu\/?brizy_media=566f8f55cb8943a80595707f8f596d80.jpg&amp;brizy_crop=iW%3D570%26iH%3D380%26oX%3D32%26oY%3D0%26cW%3D506%26cH%3D380 2x\" media=\"(min-width: 768px)\"><img decoding=\"async\" class=\"brz-img\" srcset=\"https:\/\/sajatdal.hu\/?brizy_media=566f8f55cb8943a80595707f8f596d80.jpg&amp;brizy_crop=iW%3D484%26iH%3D323%26oX%3D27%26oY%3D0%26cW%3D430%26cH%3D323 1x, https:\/\/sajatdal.hu\/?brizy_media=566f8f55cb8943a80595707f8f596d80.jpg&amp;brizy_crop=iW%3D968%26iH%3D646%26oX%3D54%26oY%3D0%26cW%3D860%26cH%3D646 2x\" src=\"https:\/\/sajatdal.hu\/?brizy_media=566f8f55cb8943a80595707f8f596d80.jpg&amp;brizy_crop=iW%3D716%26iH%3D478%26oX%3D40%26oY%3D0%26cW%3D637%26cH%3D478\" alt=\"{{placeholder content='e3sgYnJpenlfZGNfaW1hZ2VfYWx0IH19' imageSrc='566f8f55cb8943a80595707f8f596d80.jpg'}}\" draggable=\"false\" loading=\"lazy\"><\/picture><\/a><\/div>\n<\/div>\n<div class=\"brz-image__gallery-item\">\n<div class=\"brz-image brz-css-k1Hg3\" data-brz-custom-id=\"ttMezX6b0e3E\"><a class=\"brz-a\" href=\"https:\/\/sajatdal.hu\/?brizy_media=ac09cd3c2b7b3687a0f07d04aa0bad51.jpg&amp;brizy_crop=iW%3D5000%26iH%3Dany\" target=\"_self\" rel=\"noopener\" data-brz-link-type=\"lightBox\"><picture class=\"brz-picture brz-d-block brz-p-relative brz-css-tbYS8\"><source srcset=\"https:\/\/sajatdal.hu\/?brizy_media=ac09cd3c2b7b3687a0f07d04aa0bad51.jpg&amp;brizy_crop=iW%3D637%26iH%3D849%26oX%3D0%26oY%3D186%26cW%3D637%26cH%3D478 1x, https:\/\/sajatdal.hu\/?brizy_media=ac09cd3c2b7b3687a0f07d04aa0bad51.jpg&amp;brizy_crop=iW%3D1274%26iH%3D1698%26oX%3D0%26oY%3D372%26cW%3D1274%26cH%3D956 2x\" media=\"(min-width: 992px)\"><source srcset=\"https:\/\/sajatdal.hu\/?brizy_media=ac09cd3c2b7b3687a0f07d04aa0bad51.jpg&amp;brizy_crop=iW%3D253%26iH%3D337%26oX%3D0%26oY%3D74%26cW%3D253%26cH%3D190 1x, https:\/\/sajatdal.hu\/?brizy_media=ac09cd3c2b7b3687a0f07d04aa0bad51.jpg&amp;brizy_crop=iW%3D506%26iH%3D674%26oX%3D0%26oY%3D148%26cW%3D506%26cH%3D380 2x\" media=\"(min-width: 768px)\"><img decoding=\"async\" class=\"brz-img\" srcset=\"https:\/\/sajatdal.hu\/?brizy_media=ac09cd3c2b7b3687a0f07d04aa0bad51.jpg&amp;brizy_crop=iW%3D430%26iH%3D573%26oX%3D0%26oY%3D125%26cW%3D430%26cH%3D322 1x, https:\/\/sajatdal.hu\/?brizy_media=ac09cd3c2b7b3687a0f07d04aa0bad51.jpg&amp;brizy_crop=iW%3D860%26iH%3D1146%26oX%3D0%26oY%3D250%26cW%3D860%26cH%3D644 2x\" src=\"https:\/\/sajatdal.hu\/?brizy_media=ac09cd3c2b7b3687a0f07d04aa0bad51.jpg&amp;brizy_crop=iW%3D637%26iH%3D849%26oX%3D0%26oY%3D186%26cW%3D637%26cH%3D478\" alt=\"{{placeholder content='e3sgYnJpenlfZGNfaW1hZ2VfYWx0IH19' imageSrc='ac09cd3c2b7b3687a0f07d04aa0bad51.jpg'}}\" draggable=\"false\" loading=\"lazy\"><\/picture><\/a><\/div>\n<\/div>\n<\/div>\n<\/div>\n<\/div>\n<\/div>\n<\/div>\n<\/div>\n<\/section>\n<section id=\"ikOote2NSVf4\" class=\"brz-section brz-css-dOW9d\">\n<div class=\"brz-section__content brz-section--boxed brz-css-bE7hb brz-css-yYare\" data-brz-custom-id=\"rcwn02PUTXZy\">\n<div class=\"brz-container brz-css-pJQGZ\">\n<div id=\"\" class=\"brz-css-teLAN brz-css-gRePG brz-wrapper\">\n<div class=\"brz-rich-text brz-rich-text__custom brz-css-dEkY4\" data-brz-custom-id=\"fGnxXCPIR0Zl\">\n<div data-brz-translate-text=\"1\">\n<p class=\"brz-tp-lg-heading2 brz-text-lg-center brz-css-fVgdr\" data-uniq-id=\"pbcQQ\" data-generated-css=\"brz-css-eTB1R\"><span class=\"brz-cp-color2\">A Saj\u00e1t Dal T\u00f6rt\u00e9nete<\/span><\/p>\n<\/div>\n<\/div>\n<\/div>\n<div id=\"\" class=\"brz-css-teLAN brz-css-xofrE brz-wrapper\">\n<div class=\"brz-spacer brz-css-jL8Vt brz-css-j4Mpg\"><\/div>\n<\/div>\n<div class=\"brz-row__container brz-css-fKbov\" data-brz-custom-id=\"wEELyHaonjMG\">\n<div class=\"brz-bg\"><\/div>\n<div class=\"brz-row brz-css-cbARn brz-css-f6ibb\">\n<div class=\"brz-columns brz-css-mOtb3 brz-css-oOgMS\" data-brz-custom-id=\"k1cN8q3rN8rV\">\n<div class=\"brz-bg\"><\/div>\n<div class=\"brz-column__items brz-css-jutxo brz-css-ygaeS\">\n<div id=\"\" class=\"brz-css-teLAN brz-css-lszxr brz-wrapper\">\n<div class=\"brz-image brz-css-pu2XC brz-css-jntzo\" data-brz-custom-id=\"mHNYUkdZHNPU\"><picture class=\"brz-picture brz-d-block brz-p-relative brz-css-jBoQa\"><source srcset=\"https:\/\/sajatdal.hu\/?brizy_media=wp-1d59956da8373584f866d7829c47be61.jpg&amp;brizy_crop=iW%3D1428%26iH%3D893%26oX%3D216%26oY%3D113%26cW%3D539%26cH%3D541 1x, https:\/\/sajatdal.hu\/?brizy_media=wp-1d59956da8373584f866d7829c47be61.jpg&amp;brizy_crop=iW%3D2856%26iH%3D1786%26oX%3D432%26oY%3D226%26cW%3D1078%26cH%3D1082 2x\" media=\"(min-width: 992px)\"><source srcset=\"https:\/\/sajatdal.hu\/?brizy_media=wp-1d59956da8373584f866d7829c47be61.jpg&amp;brizy_crop=iW%3D566%26iH%3D354%26oX%3D86%26oY%3D45%26cW%3D214%26cH%3D214 1x, https:\/\/sajatdal.hu\/?brizy_media=wp-1d59956da8373584f866d7829c47be61.jpg&amp;brizy_crop=iW%3D1132%26iH%3D708%26oX%3D172%26oY%3D90%26cW%3D428%26cH%3D428 2x\" media=\"(min-width: 768px)\"><img decoding=\"async\" class=\"brz-img\" srcset=\"https:\/\/sajatdal.hu\/?brizy_media=wp-1d59956da8373584f866d7829c47be61.jpg&amp;brizy_crop=iW%3D729%26iH%3D456%26oX%3D110%26oY%3D58%26cW%3D275%26cH%3D276 1x, https:\/\/sajatdal.hu\/?brizy_media=wp-1d59956da8373584f866d7829c47be61.jpg&amp;brizy_crop=iW%3D1458%26iH%3D912%26oX%3D220%26oY%3D116%26cW%3D550%26cH%3D552 2x\" src=\"https:\/\/sajatdal.hu\/?brizy_media=wp-1d59956da8373584f866d7829c47be61.jpg&amp;brizy_crop=iW%3D1428%26iH%3D893%26oX%3D216%26oY%3D113%26cW%3D539%26cH%3D541\" alt=\"{{placeholder content='e3sgYnJpenlfZGNfaW1hZ2VfYWx0IH19' imageSrc='wp-1d59956da8373584f866d7829c47be61.jpg'}}\" draggable=\"false\" loading=\"lazy\"><\/picture><\/div>\n<\/div>\n<div id=\"\" class=\"brz-css-teLAN brz-css-xofrE brz-wrapper\">\n<div class=\"brz-spacer brz-css-jL8Vt brz-css-jdy1Y\"><\/div>\n<\/div>\n<div id=\"\" class=\"brz-css-teLAN brz-css-mZAv5 brz-wrapper\">\n<div class=\"brz-rich-text brz-rich-text__custom brz-css-dEkY4\" data-brz-custom-id=\"iGrNQ3LsnMkZ\">\n<div data-brz-translate-text=\"1\">\n<p class=\"brz-tp-lg-heading4 brz-text-lg-center brz-css-rvS7D\" data-generated-css=\"brz-css-vw1b8\" data-uniq-id=\"bLcvB\"><span class=\"brz-cp-color2\">HORV\u00c1TH ATTILA<\/span><\/p>\n<\/div>\n<\/div>\n<\/div>\n<div id=\"\" class=\"brz-css-teLAN brz-css-xofrE brz-css-cI9e5 brz-wrapper\">\n<div class=\"brz-spacer brz-css-jL8Vt brz-css-dwpN2\"><\/div>\n<\/div>\n<div id=\"\" class=\"brz-css-teLAN brz-css-tVspQ brz-wrapper\">\n<div class=\"brz-rich-text brz-rich-text__custom brz-css-dEkY4\" data-brz-custom-id=\"ndeF_vNq7ije\">\n<div data-brz-translate-text=\"1\">\n<p class=\"brz-tp-lg-heading6 brz-text-lg-center brz-css-kFCl9\" data-generated-css=\"brz-css-yUBaq\" data-uniq-id=\"aABZq\"><\/p>\n<\/div>\n<\/div>\n<\/div>\n<div id=\"\" class=\"brz-css-teLAN brz-css-yKW5T brz-wrapper\">\n<div class=\"brz-rich-text brz-rich-text__custom brz-css-dEkY4\" data-brz-custom-id=\"jrywsl9ZEhP0\">\n<div data-brz-translate-text=\"1\">\n<p class=\"brz-tp-lg-paragraph brz-text-lg-center brz-css-sRMXr\" data-uniq-id=\"gxWTG\" data-generated-css=\"brz-css-jeMad\"><span class=\"brz-cp-color7\">T\u00f6bb mint harminc \u00e9ve m\u00e1r, hogy a zene \u00e9s a sz\u00f6veg\u00edr\u00e1s vil\u00e1g\u00e1ban \u00e9lek. Eredetileg hobbinak indult, de az \u00e9vek sor\u00e1n valami k\u00fcl\u00f6nleges sz\u00fcletett meg bennem\u2014egy er\u0151s v\u00e1gy arra, hogy az \u00e1ltalam k\u00e9sz\u00edtett dalokat megosszam m\u00e1sokkal. Ez az \u00fat vezetett a sajatdal.hu l\u00e9trehoz\u00e1s\u00e1hoz.<\/span><\/p>\n<h2 data-uniq-id=\"gxWTG\" data-generated-css=\"brz-css-jeMad\" class=\"brz-tp-lg-heading2 brz-text-lg-center brz-css-p3otN\"><span class=\"brz-cp-color7\">Az els\u0151 l\u00e9p\u00e9sek<\/span><\/h2>\n<p class=\"brz-tp-lg-paragraph brz-text-lg-center brz-css-gAKWH\" data-uniq-id=\"gxWTG\" data-generated-css=\"brz-css-jeMad\"><span class=\"brz-cp-color7\">Az els\u0151 inspir\u00e1ci\u00f3m az volt, hogy a szeretteimnek, bar\u00e1taimnak egyedi dalokat aj\u00e1nd\u00e9kozzak k\u00fcl\u00f6nleges alkalmakra. Legyen sz\u00f3 esk\u00fcv\u0151r\u0151l, sz\u00fclet\u00e9snapr\u00f3l, vagy csak egy spont\u00e1n meglepet\u00e9sr\u0151l, ezek a dalok hamar sikert arattak. Az ismer\u0151seim \u00f6r\u00f6me \u00e9s meglepet\u00e9se olyan visszajelz\u00e9s volt, amely arra \u00f6szt\u00f6nz\u00f6tt, hogy folytassam ezt a k\u00fcl\u00f6nleges utat.<\/span><\/p>\n<h2 data-uniq-id=\"gxWTG\" data-generated-css=\"brz-css-jeMad\" class=\"brz-tp-lg-heading2 brz-text-lg-center brz-css-jTBbB\"><span class=\"brz-cp-color7\">Mindenkiben ott van egy dal<\/span><\/h2>\n<p class=\"brz-tp-lg-paragraph brz-text-lg-center brz-css-yLAtK\" data-uniq-id=\"gxWTG\" data-generated-css=\"brz-css-jeMad\"><span class=\"brz-cp-color7\">A val\u00f3di var\u00e1zs abban rejlik, hogy a dalok, amiket kompon\u00e1lok, kiz\u00e1r\u00f3lag annak sz\u00f3lnak, akinek szeretn\u00e9d. R\u00f3lad, r\u00f3latok sz\u00f3lnak, \u00e9s ez\u00e1ltal v\u00e1lnak k\u00fcl\u00f6nlegess\u00e9. Minden egyes dallam \u00e9s versszak egy \u00faj t\u00f6rt\u00e9netet mes\u00e9l el, amely \u00f6r\u00f6m\u00f6t \u00e9s boldogs\u00e1got hoz mindazoknak, akik hallgatj\u00e1k.<\/span><\/p>\n<h2 data-uniq-id=\"gxWTG\" data-generated-css=\"brz-css-jeMad\" class=\"brz-tp-lg-heading2 brz-text-lg-center brz-css-d4LNN\"><span class=\"brz-cp-color7\">St\u00edlusok \u00e9s lehet\u0151s\u00e9gek<\/span><\/h2>\n<p class=\"brz-tp-lg-paragraph brz-text-lg-center brz-css-exh6M\" data-uniq-id=\"gxWTG\" data-generated-css=\"brz-css-jeMad\"><span class=\"brz-cp-color7\">Zen\u00e9ink palett\u00e1ja rendk\u00edv\u00fcl sz\u00e9les, a k\u00f6nnyed folkt\u00f3l a diszk\u00f3n, popon, rockon \u00e1t eg\u00e9szen a met\u00e1l st\u00edlusig v\u00e1logathatsz. T\u00f6bb zenei szoftverrel dolgozom annak \u00e9rdek\u00e9ben, hogy a legjobb min\u0151s\u00e9get \u00e9s \u00e9lm\u00e9nyt ny\u00fajtsam. Ez az egyik oka annak, hogy a sajatdal.hu dalai mindig k\u00fcl\u00f6nlegesek \u00e9s eml\u00e9kezetesek maradnak.<\/span><\/p>\n<h2 data-uniq-id=\"gxWTG\" data-generated-css=\"brz-css-jeMad\" class=\"brz-tp-lg-heading2 brz-text-lg-center brz-css-zDtak\"><span class=\"brz-cp-color7\">Csatlakozz hozz\u00e1nk<\/span><\/h2>\n<p class=\"brz-tp-lg-paragraph brz-text-lg-center brz-css-iGm1z\" data-uniq-id=\"gxWTG\" data-generated-css=\"brz-css-jeMad\"><span class=\"brz-cp-color7\">Ha m\u00e9g nem tapasztaltad meg, milyen \u00e9rz\u00e9s egy saj\u00e1t dal tulajdonos\u00e1nak lenni, akkor itt az ideje, hogy pr\u00f3b\u00e1t tegy\u00e9l! Csatlakozz a saj\u00e1t-zene-kedvel\u0151k k\u00f6z\u00f6ss\u00e9g\u00e9hez, \u00e9s \u00e9lvezd a lehet\u0151s\u00e9get, hogy szem\u00e9lyre szabott dallamokkal gazdag\u00edtsd az \u00e9leted.<\/span><\/p>\n<p class=\"brz-tp-lg-paragraph brz-text-lg-center brz-css-cFUyA\" data-uniq-id=\"gxWTG\" data-generated-css=\"brz-css-jeMad\"><span class=\"brz-cp-color7\">Mindenkiben ott van egy dal, fedezd fel a ti\u00e9det a sajatdal.hu seg\u00edts\u00e9g\u00e9vel!<\/span><\/p>\n<p class=\"brz-tp-lg-paragraph brz-text-lg-center brz-css-kKWIS\" data-uniq-id=\"gxWTG\" data-generated-css=\"brz-css-jeMad\"><\/p>\n<\/div>\n<\/div>\n<\/div>\n<div class=\"brz-wrapper-clone brz-css-sjJFj\">\n<div class=\"brz-d-xs-flex brz-flex-xs-wrap brz-css-gCY_O\" data-brz-custom-id=\"\">\n<div class=\"brz-wrapper-clone__item\" id=\"stAztM3UnTFy\"><a class=\"brz-a brz-anchor brz-btn brz-css-kyZyr\" href=\"#megrendel\" target=\"_self\" rel=\"noopener\" data-brz-link-type=\"anchor\" data-brz-custom-id=\"stAztM3UnTFy\"><svg class=\"brz-icon-svg align-[initial] brz-css-yg6cJ\"><use href=\"\/wp-content\/plugins\/brizy\/public\/editor-build\/prod\/editor\/icons\/glyph\/tail-right.svg#nc_icon\"><\/use><\/svg><span data-brz-translate-text=\"1\" class=\"brz-span brz-text__editor\" contenteditable=\"false\">AKAROK IRATNI EGY DALT!<\/span><\/a><\/div>\n<\/div>\n<\/div>\n<div id=\"\" class=\"brz-css-teLAN brz-css-xofrE brz-wrapper\">\n<div class=\"brz-spacer brz-css-jL8Vt brz-css-h7_Nf\"><\/div>\n<\/div>\n<\/div>\n<\/div>\n<\/div>\n<\/div>\n<\/div>\n<\/div>\n<\/section>\n<p>{{ brizy_dc_global_blocks position=&#8217;bottom&#8217; }}<\/p><\/div>\n<p>    <!-- version:1726319917 --><\/p>\n","protected":false},"excerpt":{"rendered":"<p>{{ brizy_dc_global_blocks position=&#8217;top&#8217; }} A Saj\u00e1t Dal T\u00f6rt\u00e9nete HORV\u00c1TH ATTILA T\u00f6bb mint harminc \u00e9ve m\u00e1r, hogy a zene \u00e9s a sz\u00f6veg\u00edr\u00e1s vil\u00e1g\u00e1ban \u00e9lek. Eredetileg hobbinak indult, de az \u00e9vek sor\u00e1n valami k\u00fcl\u00f6nleges sz\u00fcletett meg bennem\u2014egy er\u0151s v\u00e1gy arra, hogy az \u00e1ltalam k\u00e9sz\u00edtett dalokat megosszam m\u00e1sokkal. Ez az \u00fat vezetett a sajatdal.hu l\u00e9trehoz\u00e1s\u00e1hoz. Az els\u0151 l\u00e9p\u00e9sek&hellip; <a class=\"more-link\" href=\"https:\/\/sajatdal.hu\/?page_id=112\"><span class=\"screen-reader-text\">A Saj\u00e1t Dal T\u00f6rt\u00e9nete<\/span> olvas\u00e1s\u00e1nak folytat\u00e1sa<\/a><\/p>\n","protected":false},"author":1,"featured_media":0,"parent":0,"menu_order":0,"comment_status":"closed","ping_status":"closed","template":"brizy-blank-template.php","meta":{"footnotes":""},"class_list":["post-112","page","type-page","status-publish","hentry","entry"],"_links":{"self":[{"href":"https:\/\/sajatdal.hu\/index.php?rest_route=\/wp\/v2\/pages\/112"}],"collection":[{"href":"https:\/\/sajatdal.hu\/index.php?rest_route=\/wp\/v2\/pages"}],"about":[{"href":"https:\/\/sajatdal.hu\/index.php?rest_route=\/wp\/v2\/types\/page"}],"author":[{"embeddable":true,"href":"https:\/\/sajatdal.hu\/index.php?rest_route=\/wp\/v2\/users\/1"}],"replies":[{"embeddable":true,"href":"https:\/\/sajatdal.hu\/index.php?rest_route=%2Fwp%2Fv2%2Fcomments&post=112"}],"version-history":[{"count":13,"href":"https:\/\/sajatdal.hu\/index.php?rest_route=\/wp\/v2\/pages\/112\/revisions"}],"predecessor-version":[{"id":238,"href":"https:\/\/sajatdal.hu\/index.php?rest_route=\/wp\/v2\/pages\/112\/revisions\/238"}],"wp:attachment":[{"href":"https:\/\/sajatdal.hu\/index.php?rest_route=%2Fwp%2Fv2%2Fmedia&parent=112"}],"curies":[{"name":"wp","href":"https:\/\/api.w.org\/{rel}","templated":true}]}}