{"id":84,"date":"2024-09-11T14:49:07","date_gmt":"2024-09-11T14:49:07","guid":{"rendered":"https:\/\/sajatdal.hu\/?page_id=84"},"modified":"2024-09-11T14:49:07","modified_gmt":"2024-09-11T14:49:07","slug":"adatkezelesi-tajekoztato","status":"publish","type":"page","link":"https:\/\/sajatdal.hu\/?page_id=84","title":{"rendered":"Adatkezel\u00e9si t\u00e1j\u00e9koztat\u00f3"},"content":{"rendered":"<div class=\"brz-root__container brz-reset-all brz\">{{ brizy_dc_global_blocks position=&#8217;top&#8217; }}<\/p>\n<section id=\"vinYAPw51Awe\" class=\"brz-section brz-css-pnpXK\">\n<div class=\"brz-section__content brz-section--boxed brz-css-fCekv\" data-brz-custom-id=\"xu2JSkmMA9rB\">\n<div class=\"brz-container brz-css-wvNCY\">\n<div id=\"\" class=\"brz-css-tOsiv brz-wrapper\">\n<div class=\"brz-rich-text brz-rich-text__custom brz-css-x6_oR\" data-brz-custom-id=\"zzuuIwKjlHNd\">\n<div data-brz-translate-text=\"1\">\n<h1 data-uniq-id=\"i19ap\" data-generated-css=\"brz-css-nx0xu\" class=\"brz-tp-lg-heading1 brz-css-y1o21\"><span class=\"brz-cp-color7\">ADATKEZEL\u00c9SI T\u00c1J\u00c9KOZTAT\u00d3<\/span><\/h1>\n<\/div>\n<\/div>\n<\/div>\n<div id=\"\" class=\"brz-css-tOsiv brz-wrapper\">\n<div class=\"brz-rich-text brz-rich-text__custom brz-css-x6_oR\" data-brz-custom-id=\"c35ajcjHx2dC\">\n<div data-brz-translate-text=\"1\">\n<p class=\"brz-tp-lg-paragraph brz-css-aIG4c\" data-generated-css=\"brz-css-b4ZHd\" data-uniq-id=\"lgIkX\"><span class=\"brz-cp-color7\">A <\/span><a class=\"brz-cp-color7 link--external\" href=\"https:\/\/sajatdal.hu\" data-brz-link-type=\"external\">sajatdal.hu <\/a><span class=\"brz-cp-color7\">weboldalon kiemelten fontosnak tartjuk az \u00d6n szem\u00e9lyes adatainak v\u00e9delm\u00e9t. Az al\u00e1bbiakban r\u00e9szletesen bemutatjuk, hogyan kezelj\u00fck az \u00d6n adatait, a s\u00fctik alkalmaz\u00e1s\u00e1t \u00e9s az \u00d6n jogait.<\/span><\/p>\n<ol>\n<li class=\"brz-tp-lg-paragraph brz-bcp-color7 brz-css-ht_LF\" data-generated-css=\"brz-css-mWsWr\" data-uniq-id=\"pqrPr\"><span class=\"brz-cp-color7\">S\u00fctik Haszn\u00e1lata<\/span><\/li>\n<\/ol>\n<p class=\"brz-tp-lg-paragraph brz-css-hnKlu\" data-generated-css=\"brz-css-wT17Q\" data-uniq-id=\"ne8CP\"><span class=\"brz-cp-color7\">Weboldalunk s\u00fctiket haszn\u00e1l a b\u00f6ng\u00e9sz\u00e9si \u00e9lm\u00e9ny jav\u00edt\u00e1sa, a navig\u00e1ci\u00f3 hat\u00e9konys\u00e1g\u00e1nak n\u00f6vel\u00e9se \u00e9s bizonyos funkci\u00f3k v\u00e9grehajt\u00e1sa \u00e9rdek\u00e9ben. Az al\u00e1bbi kateg\u00f3ri\u00e1kba sorolhat\u00f3k:<\/span><\/p>\n<ul>\n<li class=\"brz-tp-lg-paragraph brz-bcp-color7 brz-css-lN7KX\" data-generated-css=\"brz-css-m4Y_k\" data-uniq-id=\"aqlMq\"><span class=\"brz-cp-color7\">Sz\u00fcks\u00e9ges S\u00fctik: Ezek a s\u00fctik elengedhetetlenek az oldal alapvet\u0151 funkci\u00f3inak m\u0171k\u00f6d\u00e9s\u00e9hez, p\u00e9ld\u00e1ul bejelentkez\u00e9si munkamenetek kezel\u00e9s\u00e9hez. Ezeket a s\u00fctiket automatikusan t\u00e1roljuk az \u00d6n b\u00f6ng\u00e9sz\u0151j\u00e9ben.<\/span><\/li>\n<li class=\"brz-tp-lg-paragraph brz-bcp-color7 brz-css-rYRxd\" data-generated-css=\"brz-css-vnIrO\" data-uniq-id=\"p0w1I\"><span class=\"brz-cp-color7\">Funkcion\u00e1lis S\u00fctik: Ezek a s\u00fctik lehet\u0151v\u00e9 teszik a weboldal sz\u00e1m\u00e1ra, hogy eml\u00e9kezzen az \u00d6n be\u00e1ll\u00edt\u00e1saira (p\u00e9ld\u00e1ul nyelvi preferenci\u00e1k), hogy szem\u00e9lyre szabottabb \u00e9lm\u00e9nyt ny\u00fajthasson.<\/span><\/li>\n<li class=\"brz-tp-lg-paragraph brz-bcp-color7 brz-css-fOGoL\" data-generated-css=\"brz-css-s_NfS\" data-uniq-id=\"mBIfQ\"><span class=\"brz-cp-color7\">Analitikai S\u00fctik: Seg\u00edtenek meg\u00e9rteni, hogyan haszn\u00e1lj\u00e1k a l\u00e1togat\u00f3k weboldalunkat, ami lehet\u0151v\u00e9 teszi sz\u00e1munkra a teljes\u00edtm\u00e9ny jav\u00edt\u00e1s\u00e1t. Az adatok n\u00e9vtelen form\u00e1ban ker\u00fclnek gy\u0171jt\u00e9sre \u00e9s elemz\u00e9sre.<\/span><\/li>\n<li class=\"brz-tp-lg-paragraph brz-bcp-color7 brz-css-dnyRW\" data-generated-css=\"brz-css-pfoSH\" data-uniq-id=\"gShLw\"><span class=\"brz-cp-color7\">Teljes\u00edtm\u00e9ny S\u00fctik: Ezek a s\u00fctik inform\u00e1ci\u00f3t gy\u0171jtenek arr\u00f3l, hogyan haszn\u00e1lja a l\u00e1togat\u00f3 a weboldalt, p\u00e9ld\u00e1ul mely oldalakat l\u00e1togatja leggyakrabban, \u00e9s ha hiba\u00fczeneteket kap. Az \u00f6sszegy\u0171jt\u00f6tt inform\u00e1ci\u00f3kat az oldal teljes\u00edtm\u00e9ny\u00e9nek jav\u00edt\u00e1s\u00e1ra haszn\u00e1ljuk.<\/span><\/li>\n<li class=\"brz-tp-lg-paragraph brz-bcp-color7 brz-css-qhfom\" data-generated-css=\"brz-css-yzTOi\" data-uniq-id=\"qk5nh\"><span class=\"brz-cp-color7\">Hirdet\u00e9si S\u00fctik: Ezeket a s\u00fctiket harmadik f\u00e9l hirdet\u00e9si partnereink haszn\u00e1lj\u00e1k annak \u00e9rdek\u00e9ben, hogy az \u00d6n sz\u00e1m\u00e1ra relev\u00e1ns hirdet\u00e9seket jelen\u00edtsenek meg. Ezek a s\u00fctik nyomon k\u00f6vethetik az \u00d6n b\u00f6ng\u00e9sz\u00e9si szok\u00e1sait t\u00f6bb weboldalon is.<\/span><\/li>\n<\/ul>\n<ol>\n<li class=\"brz-tp-lg-paragraph brz-bcp-color7 brz-css-mH1sF\" data-generated-css=\"brz-css-dcX2m\" data-uniq-id=\"u4q7J\"><span class=\"brz-cp-color7\">Harmadik Felek S\u00fctijei<\/span><\/li>\n<\/ol>\n<p class=\"brz-tp-lg-paragraph brz-css-o8yBT\" data-generated-css=\"brz-css-oEsX2\" data-uniq-id=\"uSWAa\"><span class=\"brz-cp-color7\">A weboldalunkon harmadik felekt\u0151l sz\u00e1rmaz\u00f3 s\u00fctiket is haszn\u00e1lunk, amelyek seg\u00edtenek elemezni a weboldal haszn\u00e1lat\u00e1t, valamint szem\u00e9lyre szabott tartalmat \u00e9s hirdet\u00e9seket biztos\u00edtanak. Ezek a s\u00fctik csak az \u00d6n el\u0151zetes hozz\u00e1j\u00e1rul\u00e1s\u00e1val ker\u00fclnek t\u00e1rol\u00e1sra.<\/span><\/p>\n<ol>\n<li class=\"brz-tp-lg-paragraph brz-bcp-color7 brz-css-kVYUj\" data-generated-css=\"brz-css-nyJJA\" data-uniq-id=\"xjPvu\"><span class=\"brz-cp-color7\">Felhaszn\u00e1l\u00f3i Hozz\u00e1j\u00e1rul\u00e1s \u00e9s Be\u00e1ll\u00edt\u00e1sok<\/span><\/li>\n<\/ol>\n<p class=\"brz-tp-lg-paragraph brz-css-o0P4W\" data-generated-css=\"brz-css-ooUzg\" data-uniq-id=\"f6iuv\"><span class=\"brz-cp-color7\">A weboldalunk els\u0151 l\u00e1togat\u00e1sakor lehet\u0151s\u00e9ge van eld\u00f6nteni, hogy mely s\u00fctiket enged\u00e9lyezi. Az \u201e\u00d6sszes elfogad\u00e1sa\u201d gombra kattintva hozz\u00e1j\u00e1rul a s\u00fctik haszn\u00e1lat\u00e1hoz. Lehet\u0151s\u00e9ge van a s\u00fctibe\u00e1ll\u00edt\u00e1sok m\u00f3dos\u00edt\u00e1s\u00e1ra, \u00e9s eld\u00f6ntheti, hogy csak bizonyos kateg\u00f3ri\u00e1kat enged\u00e9lyez vagy tilt le. K\u00e9rj\u00fck, vegye figyelembe, hogy n\u00e9h\u00e1ny s\u00fcti letilt\u00e1sa befoly\u00e1solhatja a weboldal teljes\u00edtm\u00e9ny\u00e9t \u00e9s az \u00d6n \u00e1ltal tapasztalt \u00e9lm\u00e9nyt.<\/span><\/p>\n<ol>\n<li class=\"brz-tp-lg-paragraph brz-bcp-color7 brz-css-fmDrj\" data-generated-css=\"brz-css-viV8U\" data-uniq-id=\"vjiy8\"><span class=\"brz-cp-color7\">Az \u00d6n Jogai<\/span><\/li>\n<\/ol>\n<p class=\"brz-tp-lg-paragraph brz-css-jWO0t\" data-generated-css=\"brz-css-fn3gv\" data-uniq-id=\"ocdp0\"><span class=\"brz-cp-color7\">\u00d6nnek joga van hozz\u00e1f\u00e9rni a szem\u00e9lyes adataihoz, k\u00e9rheti azok helyesb\u00edt\u00e9s\u00e9t vagy t\u00f6rl\u00e9s\u00e9t, valamint korl\u00e1tozhatja az adatkezel\u00e9st. Amennyiben k\u00e9rd\u00e9se vagy k\u00e9r\u00e9se van az adatkezel\u00e9ssel kapcsolatban, k\u00e9rj\u00fck, vegye fel vel\u00fcnk a kapcsolatot az el\u00e9rhet\u0151s\u00e9geink egyik\u00e9n.<\/span><\/p>\n<p class=\"brz-tp-lg-paragraph brz-css-wYLHG\" data-generated-css=\"brz-css-zHZZX\" data-uniq-id=\"adZK9\"><span class=\"brz-cp-color7\">Az adatv\u00e9delmi politika m\u00f3dos\u00edt\u00e1s\u00e1nak joga fenntartva. K\u00e9rj\u00fck, rendszeresen ellen\u0151rizze ezt a t\u00e1j\u00e9koztat\u00f3t, hogy naprak\u00e9sz legyen az esetleges v\u00e1ltoz\u00e1sokkal kapcsolatban.<\/span><\/p>\n<p class=\"brz-tp-lg-paragraph brz-css-f9tvs\" data-generated-css=\"brz-css-gC3XO\" data-uniq-id=\"akgxT\"><span class=\"brz-cp-color7\">K\u00f6sz\u00f6nj\u00fck, hogy megl\u00e1togatta weboldalunkat!<\/span><\/p>\n<\/div>\n<\/div>\n<\/div>\n<\/div>\n<\/div>\n<\/section>\n<p>{{ brizy_dc_global_blocks position=&#8217;bottom&#8217; }}<\/p><\/div>\n<p>    <!-- version:1726066147 --><\/p>\n","protected":false},"excerpt":{"rendered":"<p>{{ brizy_dc_global_blocks position=&#8217;top&#8217; }} ADATKEZEL\u00c9SI T\u00c1J\u00c9KOZTAT\u00d3 A sajatdal.hu weboldalon kiemelten fontosnak tartjuk az \u00d6n szem\u00e9lyes adatainak v\u00e9delm\u00e9t. Az al\u00e1bbiakban r\u00e9szletesen bemutatjuk, hogyan kezelj\u00fck az \u00d6n adatait, a s\u00fctik alkalmaz\u00e1s\u00e1t \u00e9s az \u00d6n jogait. S\u00fctik Haszn\u00e1lata Weboldalunk s\u00fctiket haszn\u00e1l a b\u00f6ng\u00e9sz\u00e9si \u00e9lm\u00e9ny jav\u00edt\u00e1sa, a navig\u00e1ci\u00f3 hat\u00e9konys\u00e1g\u00e1nak n\u00f6vel\u00e9se \u00e9s bizonyos funkci\u00f3k v\u00e9grehajt\u00e1sa \u00e9rdek\u00e9ben. Az al\u00e1bbi kateg\u00f3ri\u00e1kba sorolhat\u00f3k:&hellip; <a class=\"more-link\" href=\"https:\/\/sajatdal.hu\/?page_id=84\"><span class=\"screen-reader-text\">Adatkezel\u00e9si t\u00e1j\u00e9koztat\u00f3<\/span> olvas\u00e1s\u00e1nak folytat\u00e1sa<\/a><\/p>\n","protected":false},"author":1,"featured_media":0,"parent":0,"menu_order":0,"comment_status":"closed","ping_status":"closed","template":"brizy-blank-template.php","meta":{"footnotes":""},"class_list":["post-84","page","type-page","status-publish","hentry","entry"],"_links":{"self":[{"href":"https:\/\/sajatdal.hu\/index.php?rest_route=\/wp\/v2\/pages\/84"}],"collection":[{"href":"https:\/\/sajatdal.hu\/index.php?rest_route=\/wp\/v2\/pages"}],"about":[{"href":"https:\/\/sajatdal.hu\/index.php?rest_route=\/wp\/v2\/types\/page"}],"author":[{"embeddable":true,"href":"https:\/\/sajatdal.hu\/index.php?rest_route=\/wp\/v2\/users\/1"}],"replies":[{"embeddable":true,"href":"https:\/\/sajatdal.hu\/index.php?rest_route=%2Fwp%2Fv2%2Fcomments&post=84"}],"version-history":[{"count":3,"href":"https:\/\/sajatdal.hu\/index.php?rest_route=\/wp\/v2\/pages\/84\/revisions"}],"predecessor-version":[{"id":98,"href":"https:\/\/sajatdal.hu\/index.php?rest_route=\/wp\/v2\/pages\/84\/revisions\/98"}],"wp:attachment":[{"href":"https:\/\/sajatdal.hu\/index.php?rest_route=%2Fwp%2Fv2%2Fmedia&parent=84"}],"curies":[{"name":"wp","href":"https:\/\/api.w.org\/{rel}","templated":true}]}}